{"id":6,"date":"2019-06-19T04:30:34","date_gmt":"2019-06-19T04:30:34","guid":{"rendered":"https:\/\/moesrealm.com\/MC\/?page_id=6"},"modified":"2024-06-28T23:40:17","modified_gmt":"2024-06-28T23:40:17","slug":"mc-tooltip","status":"publish","type":"page","link":"https:\/\/moesrealm.com\/MC\/","title":{"rendered":"MC ToolTip"},"content":{"rendered":"<p><code id=\"fontsampler-copy-clipboard-target-1\" class=\"fontsampler-clipboard\">\t\t\t<div class='fontsampler-wrapper on-loading'\n\t\t\t     data-fonts='\/\/moesrealm.com\/MC\/wp-content\/uploads\/2024\/06\/ToolTip01-3.ttf,\/\/moesrealm.com\/MC\/wp-content\/uploads\/2024\/06\/ToolTip01-6.ttf'\n\t\t\t\t\t\t\t\t\tdata-initial-font='\/\/moesrealm.com\/MC\/wp-content\/uploads\/2024\/06\/ToolTip01-3.ttf'\n\t\t\t\t\tdata-initial-font-name-overwrite='ToolTip01'\n\t\t\t\t\t\t\t\t\t\t\t\t\tdata-overwrites='{\"\\\/\\\/moesrealm.com\\\/MC\\\/wp-content\\\/uploads\\\/2024\\\/06\\\/ToolTip01-3.ttf\":\"ToolTip01\",\"\\\/\\\/moesrealm.com\\\/MC\\\/wp-content\\\/uploads\\\/2024\\\/06\\\/ToolTip01-6.ttf\":\"ToolTip01\"}'\n\t\t\t\t\t\t\t>\n\t\t\t<div class=\"type-tester\"\n     data-min-font-size=\"8\"\n     data-max-font-size=\"255\"\n     data-unit-font-size=\"px\"\n     data-value-font-size=\"50\"\n     data-step-font-size=\"1\"\n\n     data-min-letter-spacing=\"-5\"\n     data-max-letter-spacing=\"5\"\n     data-unit-letter-spacing=\"px\"\n     data-value-letter-spacing=\"0\"\n     data-step-letter-spacing=\"1\"\n\n     data-min-line-height=\"70\"\n     data-max-line-height=\"300\"\n     data-unit-line-height=\"%\"\n     data-value-line-height=\"110\"\n     data-step-line-height=\"1\">\n\n\t<div class=\"fontsampler-interface columns-3 fontsampler-id-1\">\n\n\t\t<div class=\"fontsampler-ui-block full fontsampler-ui-block-fontsampler\" \n\t\t\t\tdata-block=\"fontsampler\">\t\t\t\t\t\t<div autocomplete=\"off\" autocorrect=\"off\" autocapitalize=\"off\" spellcheck=\"false\"\n\t\t\t\t\t\t    class=\"current-font type-tester__content \"\n\t\t\t\t\t\t    contenteditable=\"true\"\n\t\t\t\t\t\t\t                            \n\t\t\t\t\t\t\tstyle=\"text-align: left;\n\t\t\t\t\t\t\t\t\t\t\t\t\t\t\t\t    font-size: 50px;\n\t\t\t\t\t\t\t\t    letter-spacing: 0px;\n\t\t\t\t\t\t\t\t    line-height: 110%;\"\n\t\t\t\t\t\t\t\t\t\t\t\t\t\t\tdata-notdef=\"0\"\n\t\t\t\t\t\t\n\t\t\t\t\t\t>A B C D E F G H I J K L M N O P Q R S T U V W X Y Z [ &#x5c; a b c d e f g h i j k l m n o p q r s t u v w x y z ! &#x22; # $ % & &#x27; ( ) * + , - . \/ 0 1 4 5 6 7 8 9 : ; < = > ] ? ^ \u2010 _ \u2011 @ \u00a1 \u00a2 \u00a3 \u00a4 \u00a5 \u00a6 \u00a7 \u00a8 \u00a9 \u00aa \u00ab \u00ac \u00ad \u00ae \u00af \u00b0 \u00b1 \u00b2 \u00b3 \u00b4 \u00b5 \u00b6 \u00b7 \u00ba \u00bb \u00bc \u00bd \u00be \u00bf \u00c0 \u00c1 \u00c2 \u00c3 \u00c4 \u00c5 \u00c6 \u00c7 \u00c8 \u00c9 \u00ca \u00cb \u00cc \u00cd \u00ce \u00cf \u00d0 \u00d1 \u00d2 \u00d3 \u00d4 \u00d5 \u00d6 \u00d7 \u00d8 \u00d9 \u00da \u00db \u00dc \u00dd \u00de \u00df \u00e0 \u00e1 \u00e2 \u00e3 \u00e4 \u00e5 \u00e6 \u00e7 \u00e8 \u00e9 \u00ea \u00eb \u00ec \u00ed \u00ee \u00ef \u00f0 \u00f1 \u00f2 \u0117 \u0118 \u0119 \u011a \u011b \u011c \u011d \u011e \u011f \u0120 \u0121 \u0112 \u0113 \u0114 \u0115 \u0116  \u0122 \u0123 \u0124 \u0125 \u0126 \u0127 \u0128 \u0129 \u012a \u012b \u012c \u012d \u012e \u012f \u0130 \u0131 \u0132 \u0136 \u0137 \u0138 \u0139 \u013a \u013b \u013c \u013d \u013e \u013f \u0140 \u0141 \u0142 \u0143 \u0144 \u0145 \u0155 \u0156 \u0157 \u0158 \u0159 \u015a \u015b \u015c \u015d \u00fa \u00fb \u00fc \u00fd \u00fe \u00ff \u0100 \u0101 \u0102 \u0103 \u0104  \u0150 \u0151 \u0152 \u0153 \u0154  \u014e \u014f \u014d<\/div>\n\n\t\t\t\t\t\t<\/div><div class=\"fontsampler-ui-block column fontsampler-ui-block-fontsize\" \n\t\t\t\tdata-block=\"fontsize\">\t\t\t\t\t\t\t<label class=\"fontsampler-slider\">\n\t\t\t\t\t\t\t\t<span class=\"fontsampler-slider-header\">\n\t\t\t\t\t\t\t\t\t<span class=\"slider-label\">Size<\/span>\n\t\t\t\t\t\t\t\t\t<span class=\"slider-value type-tester__label\" data-target-property=\"font-size\"><\/span>\n\t\t\t\t\t\t\t\t<\/span>\n\t\t\t\t\t\t\t\t<div class=\"type-tester__slider\" data-target-property=\"font-size\" \n\t\t\t\t\t\t\t\t\t><\/div>\n\t\t\t\t\t\t\t<\/label>\n\t\t\t\t\t\t<\/div><div class=\"fontsampler-ui-block column fontsampler-ui-block-letterspacing\" \n\t\t\t\tdata-block=\"letterspacing\">\t\t\t\t\t\t\t<label class=\"fontsampler-slider\">\n\t\t\t\t\t\t\t\t<span class=\"fontsampler-slider-header\">\n\t\t\t\t\t\t\t\t\t<span class=\"slider-label\">Letter spacing<\/span>\n\t\t\t\t\t\t\t\t\t<span class=\"slider-value type-tester__label\" data-target-property=\"letter-spacing\"><\/span>\n\t\t\t\t\t\t\t\t<\/span>\n\t\t\t\t\t\t\t\t<div class=\"type-tester__slider\" data-target-property=\"letter-spacing\" \n\t\t\t\t\t\t\t\t\t><\/div>\n\t\t\t\t\t\t\t<\/label>\n\t\t\t\t\t\t<\/div><div class=\"fontsampler-ui-block column fontsampler-ui-block-lineheight\" \n\t\t\t\tdata-block=\"lineheight\">\t\t\t\t\t\t\t<label class=\"fontsampler-slider\">\n\t\t\t\t\t\t\t\t<span class=\"fontsampler-slider-header\">\n\t\t\t\t\t\t\t\t\t<span class=\"slider-label\">Line height<\/span>\n\t\t\t\t\t\t\t\t\t<span class=\"slider-value type-tester__label\" data-target-property=\"line-height\"><\/span>\n\t\t\t\t\t\t\t\t<\/span>\n\t\t\t\t\t\t\t\t<div class=\"type-tester__slider\" data-target-property=\"line-height\" \n\t\t\t\t\t\t\t\t\t><\/div>\n\t\t\t\t\t\t\t<\/label>\n\t\t\t\t\t\t<\/div><div class=\"fontsampler-ui-block column fontsampler-ui-block-buy\" \n\t\t\t\tdata-block=\"buy\">\t\t\t\t\t\t\t<a href=\"https:\/\/moesrealm.com\/MC\/wp-content\/uploads\/2019\/06\/ToolTip01.ttf\"\n\t\t\t\t\t\t\t   target=\"_blank\">\n\t\t\t\t\t\t\t\t\t\t\t\t\t\t\t\t\t<span class=\"fontsampler-interface-link-text\"\n\t\t\t\t\t\t\t\t\t>Download<\/span>\n\t\t\t\t\t\t\t\t\t\t\t\t\t\t\t<\/a>\n\t\t\t\t\t\t<\/div><div class=\"fontsampler-ui-block column fontsampler-ui-block-fontpicker\" \n\t\t\t\tdata-block=\"fontpicker\">\t\t\t\t\t\t\t\t<div class=\"font-lister\"><\/div>\n\t\t\t\t\t\t\t\t\t\t\t\t\t<\/div>\t<\/div>\n<\/div><\/div><\/code><\/p>\n<p>Here are the characters represented above in the same order as displayed.<br \/>\nA B C D E F G H I J K L M N O P Q R S T U V W X Y Z [ &#x5c; a b c d e f g h i j k l m n o p q r s t u v w x y z ! &#x22; # $ % &#038; &#x27; ( ) * + , &#8211; . \/ 0 1 4 5 6 7 8 9 : ; < = > ] ? ^ \u2010 _ \u2011 @ \u00a1 \u00a2 \u00a3 \u00a4 \u00a5 \u00a6 \u00a7 \u00a8 \u00a9 \u00aa \u00ab \u00ac \u00ad \u00ae \u00af \u00b0 \u00b1 \u00b2 \u00b3 \u00b4 \u00b5 \u00b6 \u00b7 \u00ba \u00bb \u00bc \u00bd \u00be \u00bf \u00c0 \u00c1 \u00c2 \u00c3 \u00c4 \u00c5 \u00c6 \u00c7 \u00c8 \u00c9 \u00ca \u00cb \u00cc \u00cd \u00ce \u00cf \u00d0 \u00d1 \u00d2 \u00d3 \u00d4 \u00d5 \u00d6 \u00d7 \u00d8 \u00d9 \u00da \u00db \u00dc \u00dd \u00de \u00df \u00e0 \u00e1 \u00e2 \u00e3 \u00e4 \u00e5 \u00e6 \u00e7 \u00e8 \u00e9 \u00ea \u00eb \u00ec \u00ed \u00ee \u00ef \u00f0 \u00f1 \u00f2 \u0117 \u0118 \u0119 \u011a \u011b \u011c \u011d \u011e \u011f \u0120 \u0121 \u0122 \u0123 \u0124 \u0125 \u0126 \u0127 \u0128 \u0129 \u012a \u012b \u012c \u012d \u012e \u012f \u0130 \u0131 \u0132 \u0136 \u0137 \u0138 \u0139 \u013a \u013b \u013c \u013d \u013e \u013f \u0140 \u0141 \u0142 \u0143 \u0144 \u0145 \u0155 \u0156 \u0157 \u0158 \u0159 \u015a \u015b \u015c \u015d \u00fa \u00fb \u00fc \u00fd \u00fe \u00ff \u0100 \u0101 \u0102 \u0103 \u0104  \u0150 \u0151 \u0152 \u0153 \u0154 \u014e \u014f \u014d<\/p>\n","protected":false},"excerpt":{"rendered":"<p>Here are the characters represented above in the same order as displayed. A B C D E F G H I J K L M N O P Q R S T U V W X Y Z [ &#x5c; [&hellip;]<\/p>\n","protected":false},"author":1,"featured_media":0,"parent":0,"menu_order":0,"comment_status":"closed","ping_status":"closed","template":"","meta":{"ngg_post_thumbnail":0,"footnotes":""},"_links":{"self":[{"href":"https:\/\/moesrealm.com\/MC\/wp-json\/wp\/v2\/pages\/6"}],"collection":[{"href":"https:\/\/moesrealm.com\/MC\/wp-json\/wp\/v2\/pages"}],"about":[{"href":"https:\/\/moesrealm.com\/MC\/wp-json\/wp\/v2\/types\/page"}],"author":[{"embeddable":true,"href":"https:\/\/moesrealm.com\/MC\/wp-json\/wp\/v2\/users\/1"}],"replies":[{"embeddable":true,"href":"https:\/\/moesrealm.com\/MC\/wp-json\/wp\/v2\/comments?post=6"}],"version-history":[{"count":33,"href":"https:\/\/moesrealm.com\/MC\/wp-json\/wp\/v2\/pages\/6\/revisions"}],"predecessor-version":[{"id":170,"href":"https:\/\/moesrealm.com\/MC\/wp-json\/wp\/v2\/pages\/6\/revisions\/170"}],"wp:attachment":[{"href":"https:\/\/moesrealm.com\/MC\/wp-json\/wp\/v2\/media?parent=6"}],"curies":[{"name":"wp","href":"https:\/\/api.w.org\/{rel}","templated":true}]}}